{"id":293,"date":"2023-02-01T22:11:16","date_gmt":"2023-02-01T22:11:16","guid":{"rendered":"https:\/\/ebkerrenteria.eus\/documentacion\/"},"modified":"2024-10-27T08:49:58","modified_gmt":"2024-10-27T08:49:58","slug":"documentacion","status":"publish","type":"page","link":"https:\/\/ekiherri.eus\/es\/documentacion\/","title":{"rendered":"Documentaci\u00f3n abierta"},"content":{"rendered":"\n<figure data-tanit-img-width=\"2460\" data-tanit-img-height=\"1385\" class=\"wp-duotone-00a19978-ffffff-1 wp-block-image size-mailpoet_newsletter_max has-custom-border\"><img loading=\"lazy\" width=\"2460\" height=\"1385\" src=\"\/app\/uploads\/2024\/06\/Guk-argi-dugu2.pg_-edited.jpg\" alt=\"\" class=\"wp-image-582\" style=\"border-radius:10px\" srcset=\"\/app\/uploads\/2024\/06\/Guk-argi-dugu2.pg_-edited.jpg 2460w, \/app\/uploads\/2024\/06\/Guk-argi-dugu2.pg_-edited-300x169.jpg 300w, \/app\/uploads\/2024\/06\/Guk-argi-dugu2.pg_-edited-1024x577.jpg 1024w, \/app\/uploads\/2024\/06\/Guk-argi-dugu2.pg_-edited-768x432.jpg 768w, \/app\/uploads\/2024\/06\/Guk-argi-dugu2.pg_-edited-1536x865.jpg 1536w, \/app\/uploads\/2024\/06\/Guk-argi-dugu2.pg_-edited-2048x1153.jpg 2048w, \/app\/uploads\/2024\/06\/Guk-argi-dugu2.pg_-edited-1320x743.jpg 1320w\" sizes=\"(max-width: 2460px) 100vw, 2460px\" \/><\/figure>\n\n<div class=\"is-layout-flex wp-container-8 wp-block-columns\">\n<div class=\"is-layout-flow wp-block-column\">\n<div class=\"is-layout-constrained wp-block-group has-background\" style=\"border-radius:10px;background-color:#abb7c21c;padding-top:var(--wp--preset--spacing--50);padding-right:var(--wp--preset--spacing--50);padding-bottom:var(--wp--preset--spacing--50);padding-left:var(--wp--preset--spacing--50)\">\n<h3 class=\"\">Estatutos<\/h3>\n\n\n\n<p class=\"\">Estatutos de la cooperativa Ekiherri.<\/p>\n\n\n\n<div class=\"is-layout-flex wp-block-buttons\">\n<div class=\"wp-block-button has-custom-font-size has-small-font-size\"><a class=\"wp-block-button__link wp-element-button\" href=\"\/app\/uploads\/2024\/06\/Estatutuak_Gazt_DEF.pdf\" style=\"border-radius:94px;padding-top:var(--wp--preset--spacing--20);padding-bottom:var(--wp--preset--spacing--20)\" target=\"_blank\" rel=\"noreferrer noopener\">Leer<\/a><\/div>\n<\/div>\n<\/div>\n<\/div>\n\n\n\n<div class=\"is-layout-flow wp-block-column\">\n<div class=\"is-layout-constrained wp-block-group has-background\" style=\"border-radius:10px;background-color:#abb7c21c;padding-top:var(--wp--preset--spacing--50);padding-right:var(--wp--preset--spacing--50);padding-bottom:var(--wp--preset--spacing--50);padding-left:var(--wp--preset--spacing--50)\">\n<h3 class=\"\">Asamblea general<\/h3>\n\n\n\n<p class=\"\">Presentaci\u00f3n de la asamblea general.<\/p>\n\n\n\n<div class=\"is-layout-flex wp-block-buttons\">\n<div class=\"wp-block-button has-custom-font-size has-small-font-size\"><a class=\"wp-block-button__link wp-element-button\" href=\"\/app\/uploads\/2024\/06\/aurkezpena-Batzar-Orokorra-2024_1-1.pdf\" style=\"border-radius:94px;padding-top:var(--wp--preset--spacing--20);padding-bottom:var(--wp--preset--spacing--20)\" target=\"_blank\" rel=\"noreferrer noopener\">Leer<\/a><\/div>\n<\/div>\n<\/div>\n<\/div>\n<\/div>\n\n<div class=\"is-layout-constrained wp-block-group\" style=\"padding-top:var(--wp--preset--spacing--70)\">\n<h3 class=\"has-primary-color has-text-color\"><strong>Documentos t\u00e9cnicos:<\/strong><\/h3>\n\n\n\n<hr class=\"wp-block-separator has-text-color has-primary-color has-alpha-channel-opacity has-primary-background-color has-background is-style-wide\" style=\"margin-top:0;margin-bottom:0\"\/>\n<\/div>\n\n<div class=\"is-layout-flex wp-container-16 wp-block-columns\">\n<div class=\"is-layout-flow wp-block-column\">\n<div class=\"is-content-justification-space-between is-layout-flex wp-container-11 wp-block-group has-background\" style=\"border-radius:10px;background-color:#abb7c21c;padding-top:var(--wp--preset--spacing--50);padding-right:var(--wp--preset--spacing--50);padding-bottom:var(--wp--preset--spacing--50);padding-left:var(--wp--preset--spacing--50)\">\n<p class=\"\">Lista de temas<\/p>\n\n\n\n<div class=\"is-layout-flex wp-block-buttons has-custom-font-size has-small-font-size\">\n<div class=\"wp-block-button is-style-outline\"><a class=\"wp-block-button__link wp-element-button\" href=\"\/app\/uploads\/2023\/02\/EBK_0-GaiZerrenda_Lista-de-temas.pdf\" style=\"border-radius:94px;padding-top:var(--wp--preset--spacing--20);padding-bottom:var(--wp--preset--spacing--20)\" target=\"_blank\" rel=\"noreferrer noopener\">Leer<\/a><\/div>\n<\/div>\n<\/div>\n<\/div>\n\n\n\n<div class=\"is-layout-flow wp-block-column\">\n<div class=\"is-content-justification-space-between is-layout-flex wp-container-14 wp-block-group has-background\" style=\"border-radius:10px;background-color:#abb7c21c;padding-top:var(--wp--preset--spacing--50);padding-right:var(--wp--preset--spacing--50);padding-bottom:var(--wp--preset--spacing--50);padding-left:var(--wp--preset--spacing--50)\">\n<p class=\"\">Conceptos sobre electricidad<\/p>\n\n\n\n<div class=\"is-layout-flex wp-block-buttons has-custom-font-size has-small-font-size\">\n<div class=\"wp-block-button is-style-outline\"><a class=\"wp-block-button__link wp-element-button\" href=\"\/app\/uploads\/2023\/02\/EBK_1-kWh-y-mas.pdf\" style=\"border-radius:94px;padding-top:var(--wp--preset--spacing--20);padding-bottom:var(--wp--preset--spacing--20)\" target=\"_blank\" rel=\"noreferrer noopener\">Leer<\/a><\/div>\n<\/div>\n<\/div>\n<\/div>\n<\/div>\n\n<div class=\"is-layout-flex wp-container-23 wp-block-columns\">\n<div class=\"is-layout-flow wp-block-column\">\n<div class=\"is-content-justification-space-between is-layout-flex wp-container-18 wp-block-group has-background\" style=\"border-radius:10px;background-color:#abb7c21c;padding-top:var(--wp--preset--spacing--50);padding-right:var(--wp--preset--spacing--50);padding-bottom:var(--wp--preset--spacing--50);padding-left:var(--wp--preset--spacing--50)\">\n<p class=\"\">Generaci\u00f3n de electricidad<\/p>\n\n\n\n<div class=\"is-layout-flex wp-block-buttons has-custom-font-size has-small-font-size\">\n<div class=\"wp-block-button is-style-outline\"><a class=\"wp-block-button__link wp-element-button\" href=\"\/app\/uploads\/2023\/02\/EBK_2-GeneracionElectricidad.pdf\" style=\"border-radius:94px;padding-top:var(--wp--preset--spacing--20);padding-bottom:var(--wp--preset--spacing--20)\" target=\"_blank\" rel=\"noreferrer noopener\">Leer<\/a><\/div>\n<\/div>\n<\/div>\n<\/div>\n\n\n\n<div class=\"is-layout-flow wp-block-column\">\n<div class=\"is-content-justification-space-between is-layout-flex wp-container-21 wp-block-group has-background\" style=\"border-radius:10px;background-color:#abb7c21c;padding-top:var(--wp--preset--spacing--50);padding-right:var(--wp--preset--spacing--50);padding-bottom:var(--wp--preset--spacing--50);padding-left:var(--wp--preset--spacing--50)\">\n<p class=\"\">Instalaciones fotovoltaicas<\/p>\n\n\n\n<div class=\"is-layout-flex wp-block-buttons has-custom-font-size has-small-font-size\">\n<div class=\"wp-block-button is-style-outline\"><a class=\"wp-block-button__link wp-element-button\" href=\"\/app\/uploads\/2023\/02\/EBK_3-InstalacionesFotovoltaicas.pdf\" style=\"border-radius:94px;padding-top:var(--wp--preset--spacing--20);padding-bottom:var(--wp--preset--spacing--20)\" target=\"_blank\" rel=\"noreferrer noopener\">Leer<\/a><\/div>\n<\/div>\n<\/div>\n<\/div>\n<\/div>\n\n<div class=\"is-layout-flex wp-container-30 wp-block-columns\">\n<div class=\"is-layout-flow wp-block-column\">\n<div class=\"is-content-justification-space-between is-layout-flex wp-container-25 wp-block-group has-background\" style=\"border-radius:10px;background-color:#abb7c21c;padding-top:var(--wp--preset--spacing--50);padding-right:var(--wp--preset--spacing--50);padding-bottom:var(--wp--preset--spacing--50);padding-left:var(--wp--preset--spacing--50)\">\n<p class=\"\">Mercado el\u00e9ctrico<\/p>\n\n\n\n<div class=\"is-layout-flex wp-block-buttons has-custom-font-size has-small-font-size\">\n<div class=\"wp-block-button is-style-outline\"><a class=\"wp-block-button__link wp-element-button\" href=\"\/app\/uploads\/2023\/02\/EBK_4-QuienEsQuienMercadoElectrico.pdf\" style=\"border-radius:94px;padding-top:var(--wp--preset--spacing--20);padding-bottom:var(--wp--preset--spacing--20)\" target=\"_blank\" rel=\"noreferrer noopener\">Leer<\/a><\/div>\n<\/div>\n<\/div>\n<\/div>\n\n\n\n<div class=\"is-layout-flow wp-block-column\">\n<div class=\"is-content-justification-space-between is-layout-flex wp-container-28 wp-block-group has-background\" style=\"border-radius:10px;background-color:#abb7c21c;padding-top:var(--wp--preset--spacing--50);padding-right:var(--wp--preset--spacing--50);padding-bottom:var(--wp--preset--spacing--50);padding-left:var(--wp--preset--spacing--50)\">\n<p class=\"\">Entiende las facturas<\/p>\n\n\n\n<div class=\"is-layout-flex wp-block-buttons has-custom-font-size has-small-font-size\">\n<div class=\"wp-block-button is-style-outline\"><a class=\"wp-block-button__link wp-element-button\" href=\"\/app\/uploads\/2023\/02\/EBK_5-Facturas-entenderlas-que-no-es-poco.pdf\" style=\"border-radius:94px;padding-top:var(--wp--preset--spacing--20);padding-bottom:var(--wp--preset--spacing--20)\" target=\"_blank\" rel=\"noreferrer noopener\">Leer<\/a><\/div>\n<\/div>\n<\/div>\n<\/div>\n<\/div>\n","protected":false},"excerpt":{"rendered":"<p>Estatutos Estatutos de la cooperativa Ekiherri. Asamblea general Presentaci\u00f3n de la asamblea general. Documentos t\u00e9cnicos: Lista de temas Conceptos sobre electricidad Generaci\u00f3n de electricidad Instalaciones fotovoltaicas Mercado el\u00e9ctrico Entiende las facturas<\/p>\n","protected":false},"author":3,"featured_media":0,"parent":0,"menu_order":0,"comment_status":"closed","ping_status":"closed","template":"","meta":{"tanit_custom_css":""},"_links":{"self":[{"href":"https:\/\/ekiherri.eus\/es\/wp-json\/wp\/v2\/pages\/293"}],"collection":[{"href":"https:\/\/ekiherri.eus\/es\/wp-json\/wp\/v2\/pages"}],"about":[{"href":"https:\/\/ekiherri.eus\/es\/wp-json\/wp\/v2\/types\/page"}],"author":[{"embeddable":true,"href":"https:\/\/ekiherri.eus\/es\/wp-json\/wp\/v2\/users\/3"}],"replies":[{"embeddable":true,"href":"https:\/\/ekiherri.eus\/es\/wp-json\/wp\/v2\/comments?post=293"}],"version-history":[{"count":10,"href":"https:\/\/ekiherri.eus\/es\/wp-json\/wp\/v2\/pages\/293\/revisions"}],"predecessor-version":[{"id":599,"href":"https:\/\/ekiherri.eus\/es\/wp-json\/wp\/v2\/pages\/293\/revisions\/599"}],"wp:attachment":[{"href":"https:\/\/ekiherri.eus\/es\/wp-json\/wp\/v2\/media?parent=293"}],"curies":[{"name":"wp","href":"https:\/\/api.w.org\/{rel}","templated":true}]}}