{"id":205,"date":"2022-09-23T12:21:45","date_gmt":"2022-09-23T12:21:45","guid":{"rendered":"https:\/\/ebkerrenteria.eus\/azala\/"},"modified":"2024-10-27T19:16:24","modified_gmt":"2024-10-27T19:16:24","slug":"azala","status":"publish","type":"page","link":"https:\/\/ekiherri.eus\/es\/","title":{"rendered":"AZALA"},"content":{"rendered":"\n<div class=\"is-layout-constrained wp-block-group alignfull\" style=\"margin-top:0;margin-bottom:var(--wp--preset--spacing--80);padding-top:0;padding-right:var(--wp--preset--spacing--40);padding-bottom:0;padding-left:var(--wp--preset--spacing--40)\">\n<div class=\"is-layout-flex wp-container-5 wp-block-columns alignwide are-vertically-aligned-center\" style=\"padding-top:0;padding-bottom:var(--wp--preset--spacing--80)\">\n<div class=\"is-layout-flow wp-block-column is-vertically-aligned-center has-primary-color has-text-color\">\n<div class=\"is-vertical is-layout-flex wp-container-2 wp-block-group\" style=\"padding-top:0;padding-right:0;padding-bottom:0;padding-left:0\">\n<p class=\"has-quicksand-font-family has-small-font-size\" style=\"font-style:normal;font-weight:500\">\u00bfVives en Errenteria?<\/p>\n\n\n\n<h2 class=\"has-primary-color has-text-color has-quicksand-font-family has-object-sans-font-family\" style=\"font-style:normal;font-weight:700\">Comunidad<br\/>Energ\u00e9tica<br\/>de Errenteria<\/h2>\n\n\n\n<p class=\"has-large-font-size has-object-sans-font-family\" style=\"line-height:1.2\">Cooperativa sin \u00e1nimo de lucro formada por vecinas y vecinos, abierta a toda la ciudadan\u00eda<\/p>\n\n\n\n<div class=\"is-layout-flex wp-block-buttons\">\n<div class=\"wp-block-button has-custom-font-size is-style-outline has-object-sans-font-family has-small-font-size\"><a class=\"wp-block-button__link has-primary-color has-text-color wp-element-button\" href=\"https:\/\/ekiherri.eus\/es\/asociarse\/\" style=\"border-radius:100px\">PARTICIPA<br\/><\/a><\/div>\n\n\n\n<div class=\"wp-block-button has-custom-font-size has-object-sans-font-family has-small-font-size\"><a class=\"wp-block-button__link has-background-color has-primary-background-color has-text-color has-background wp-element-button\" style=\"border-radius:100px\">INSTALACI\u00d3N DE EGILUZE<\/a><\/div>\n<\/div>\n<\/div>\n<\/div>\n\n\n\n<div class=\"is-layout-flow wp-block-column is-vertically-aligned-center\">\n<figure data-tanit-img-width=\"407\" data-tanit-img-height=\"331\" class=\"wp-block-image alignright size-full is-resized\"><img loading=\"lazy\" src=\"\/app\/uploads\/2023\/03\/eki_logo_v.png\" alt=\"\" class=\"wp-image-355\" width=\"407\" height=\"331\" srcset=\"\/app\/uploads\/2023\/03\/eki_logo_v.png 407w, \/app\/uploads\/2023\/03\/eki_logo_v-300x244.png 300w\" sizes=\"(max-width: 407px) 100vw, 407px\" \/><\/figure>\n<\/div>\n<\/div>\n\n\n\n<div class=\"is-layout-constrained wp-block-group alignwide\" style=\"margin-top:0;margin-bottom:0;padding-top:0;padding-right:0;padding-bottom:0;padding-left:0\">\n<div class=\"peertube-video alignfull\" style=\"padding-bottom: 56%;\"><iframe loading=\"lazy\" title=\"Ekiherri - Guk argi dugu, eta zuk?\" src=\"https:\/\/peertube.eus\/videos\/embed\/402ce3a0-070e-42b5-bb1a-0355271a52b1\" allowfullscreen=\"\" sandbox=\"allow-same-origin allow-scripts allow-popups\" width=\"100%\" height=\"315\" frameborder=\"0\"><\/iframe><\/div><style>.peertube-video {\nposition: relative;\nheight: 0;\noverflow: hidden;\n}\n.peertube-video iframe {\nposition: absolute;\ntop:0;\nleft: 0;\nwidth: 100%;\nheight: 100%;\n}\n<\/style>\n<\/div>\n<\/div>\n\n<div class=\"is-layout-constrained wp-block-group alignfull\" style=\"padding-top:var(--wp--preset--spacing--40);padding-right:var(--wp--preset--spacing--40);padding-bottom:var(--wp--preset--spacing--40);padding-left:var(--wp--preset--spacing--40)\">\n<div class=\"is-content-justification-space-between is-nowrap is-layout-flex wp-container-9 wp-block-group alignwide\">\n<h2 class=\"alignwide has-primary-color has-text-color has-quicksand-font-family has-quicksand-font-family\" style=\"font-style:normal;font-weight:700\"><strong>\u00daltimas noticias<\/strong><\/h2>\n\n\n\n<div class=\"is-layout-flex wp-block-buttons has-custom-font-size has-small-font-size\">\n<div class=\"wp-block-button has-custom-font-size is-style-outline has-quicksand-font-family has-small-font-size\" style=\"font-style:normal;font-weight:700;text-transform:lowercase\"><a class=\"wp-block-button__link has-primary-color has-text-color wp-element-button\" href=\"https:\/\/ekiherri.eus\/es\/noticias\/\" style=\"border-radius:100px;padding-top:var(--wp--preset--spacing--20);padding-right:var(--wp--preset--spacing--20);padding-bottom:var(--wp--preset--spacing--20);padding-left:var(--wp--preset--spacing--20)\">VER TODAS<\/a><\/div>\n<\/div>\n<\/div>\n\n\n\n<div class=\"is-layout-constrained wp-block-query alignwide\"><ul class=\"is-layout-flow is-flex-container columns-3 alignwide wp-block-post-template\"><li class=\"wp-block-post post-789 post type-post status-publish format-standard has-post-thumbnail hentry category-jardunaldi-eta-hitzaldiak-es\">\n<figure style=\"width:100%;\" class=\"wp-block-post-featured-image\"><a href=\"https:\/\/ekiherri.eus\/es\/charla-en-torrekua-sobre-la-importancia-de-la-eleccion-de-la-empresa-para-consumir-y-sus-consecuencias\/\" target=\"_self\" ><img width=\"1240\" height=\"1754\" style=\"height:200px;object-fit:cover;\" src=\"\/app\/uploads\/2025\/12\/IMG-20251125-WA0021.jpg\" class=\"attachment-post-thumbnail size-post-thumbnail wp-post-image\" alt=\"Charla en Torrekua sobre \u201cLa importancia de la elecci\u00f3n de la empresa para consumir y sus consecuencias\u201d.\" loading=\"lazy\" srcset=\"\/app\/uploads\/2025\/12\/IMG-20251125-WA0021.jpg 1240w, \/app\/uploads\/2025\/12\/IMG-20251125-WA0021-212x300.jpg 212w, \/app\/uploads\/2025\/12\/IMG-20251125-WA0021-724x1024.jpg 724w, \/app\/uploads\/2025\/12\/IMG-20251125-WA0021-768x1086.jpg 768w, \/app\/uploads\/2025\/12\/IMG-20251125-WA0021-1086x1536.jpg 1086w\" sizes=\"(max-width: 1240px) 100vw, 1240px\" \/><\/a><\/figure>\n\n\n<div class=\"is-vertical is-layout-flex wp-container-10 wp-block-group\"><div style=\"font-style:italic;font-weight:400;\" class=\"has-text-align-left wp-block-post-date has-small-font-size\"><time datetime=\"2025-12-01T18:21:42+00:00\">2025-12-01<\/time><\/div>\n\n<div style=\"text-transform:capitalize\" class=\"taxonomy-category wp-block-post-terms has-small-font-size\"><a href=\"https:\/\/ekiherri.eus\/es\/category\/jardunaldi-eta-hitzaldiak-es\/\" rel=\"tag\">jardunaldi eta hitzaldiak<\/a><\/div><\/div>\n\n\n<h2 style=\"margin-top:0.2em; font-style:normal;font-weight:700;\" class=\"wp-elements-efbff52866d703445167a5938d1f7e23 wp-block-post-title has-large-font-size has-quicksand-font-family\"><a href=\"https:\/\/ekiherri.eus\/es\/charla-en-torrekua-sobre-la-importancia-de-la-eleccion-de-la-empresa-para-consumir-y-sus-consecuencias\/\" target=\"_self\" >Charla en Torrekua sobre \u201cLa importancia de la elecci\u00f3n de la empresa para consumir y sus consecuencias\u201d.<\/a><\/h2>\n<\/li><li class=\"wp-block-post post-781 post type-post status-publish format-standard has-post-thumbnail hentry category-cooperativa category-jardunaldi-eta-hitzaldiak-es\">\n<figure style=\"width:100%;\" class=\"wp-block-post-featured-image\"><a href=\"https:\/\/ekiherri.eus\/es\/hemos-organizado-unos-talleres-en-torrekua-para-entender-las-facturas-de-la-electricidad\/\" target=\"_self\" ><img width=\"2460\" height=\"1385\" style=\"height:200px;object-fit:cover;\" src=\"\/app\/uploads\/2024\/06\/Guk-argi-dugu2.pg_-edited.jpg\" class=\"attachment-post-thumbnail size-post-thumbnail wp-post-image\" alt=\"Hemos organizado unos talleres en Torrekua para entender las facturas de la electricidad\" loading=\"lazy\" srcset=\"\/app\/uploads\/2024\/06\/Guk-argi-dugu2.pg_-edited.jpg 2460w, \/app\/uploads\/2024\/06\/Guk-argi-dugu2.pg_-edited-300x169.jpg 300w, \/app\/uploads\/2024\/06\/Guk-argi-dugu2.pg_-edited-1024x577.jpg 1024w, \/app\/uploads\/2024\/06\/Guk-argi-dugu2.pg_-edited-768x432.jpg 768w, \/app\/uploads\/2024\/06\/Guk-argi-dugu2.pg_-edited-1536x865.jpg 1536w, \/app\/uploads\/2024\/06\/Guk-argi-dugu2.pg_-edited-2048x1153.jpg 2048w, \/app\/uploads\/2024\/06\/Guk-argi-dugu2.pg_-edited-1320x743.jpg 1320w\" sizes=\"(max-width: 2460px) 100vw, 2460px\" \/><\/a><\/figure>\n\n\n<div class=\"is-vertical is-layout-flex wp-container-11 wp-block-group\"><div style=\"font-style:italic;font-weight:400;\" class=\"has-text-align-left wp-block-post-date has-small-font-size\"><time datetime=\"2025-11-04T13:37:49+00:00\">2025-11-04<\/time><\/div>\n\n<div style=\"text-transform:capitalize\" class=\"taxonomy-category wp-block-post-terms has-small-font-size\"><a href=\"https:\/\/ekiherri.eus\/es\/category\/cooperativa\/\" rel=\"tag\">Cooperativa<\/a><span class=\"wp-block-post-terms__separator\">, <\/span><a href=\"https:\/\/ekiherri.eus\/es\/category\/jardunaldi-eta-hitzaldiak-es\/\" rel=\"tag\">jardunaldi eta hitzaldiak<\/a><\/div><\/div>\n\n\n<h2 style=\"margin-top:0.2em; font-style:normal;font-weight:700;\" class=\"wp-elements-efbff52866d703445167a5938d1f7e23 wp-block-post-title has-large-font-size has-quicksand-font-family\"><a href=\"https:\/\/ekiherri.eus\/es\/hemos-organizado-unos-talleres-en-torrekua-para-entender-las-facturas-de-la-electricidad\/\" target=\"_self\" >Hemos organizado unos talleres en Torrekua para entender las facturas de la electricidad<\/a><\/h2>\n<\/li><li class=\"wp-block-post post-768 post type-post status-publish format-standard has-post-thumbnail hentry category-jardunaldi-eta-hitzaldiak-es\">\n<figure style=\"width:100%;\" class=\"wp-block-post-featured-image\"><a href=\"https:\/\/ekiherri.eus\/es\/tiempo-para-celebrar-la-primera-instalacion\/\" target=\"_self\" ><img width=\"1920\" height=\"1080\" style=\"height:200px;object-fit:cover;\" src=\"\/app\/uploads\/2024\/10\/Egiluze-goitik-1.jpg\" class=\"attachment-post-thumbnail size-post-thumbnail wp-post-image\" alt=\"Tiempo para celebrar la primera instalaci\u00f3n\" loading=\"lazy\" srcset=\"\/app\/uploads\/2024\/10\/Egiluze-goitik-1.jpg 1920w, \/app\/uploads\/2024\/10\/Egiluze-goitik-1-300x169.jpg 300w, \/app\/uploads\/2024\/10\/Egiluze-goitik-1-1024x576.jpg 1024w, \/app\/uploads\/2024\/10\/Egiluze-goitik-1-768x432.jpg 768w, \/app\/uploads\/2024\/10\/Egiluze-goitik-1-1536x864.jpg 1536w, \/app\/uploads\/2024\/10\/Egiluze-goitik-1-1320x743.jpg 1320w\" sizes=\"(max-width: 1920px) 100vw, 1920px\" \/><\/a><\/figure>\n\n\n<div class=\"is-vertical is-layout-flex wp-container-12 wp-block-group\"><div style=\"font-style:italic;font-weight:400;\" class=\"has-text-align-left wp-block-post-date has-small-font-size\"><time datetime=\"2025-09-23T09:48:48+00:00\">2025-09-23<\/time><\/div>\n\n<div style=\"text-transform:capitalize\" class=\"taxonomy-category wp-block-post-terms has-small-font-size\"><a href=\"https:\/\/ekiherri.eus\/es\/category\/jardunaldi-eta-hitzaldiak-es\/\" rel=\"tag\">jardunaldi eta hitzaldiak<\/a><\/div><\/div>\n\n\n<h2 style=\"margin-top:0.2em; font-style:normal;font-weight:700;\" class=\"wp-elements-efbff52866d703445167a5938d1f7e23 wp-block-post-title has-large-font-size has-quicksand-font-family\"><a href=\"https:\/\/ekiherri.eus\/es\/tiempo-para-celebrar-la-primera-instalacion\/\" target=\"_self\" >Tiempo para celebrar la primera instalaci\u00f3n<\/a><\/h2>\n<\/li><\/ul><\/div>\n<\/div>\n\n<div class=\"is-layout-constrained wp-block-group alignfull has-primary-color has-text-color\" style=\"font-style:normal;font-weight:600\">\n<div class=\"is-layout-flow wp-block-group alignwide\">\n<p class=\"has-primary-color has-text-color has-quicksand-font-family has-small-font-size has-object-sans-font-family\" style=\"font-style:normal;font-weight:500\">\u00bfTe sumas?<\/p>\n\n\n\n<h2 class=\"alignwide has-text-align-left has-primary-color has-text-color has-quicksand-font-family has-object-sans-font-family\" style=\"margin-bottom:0;font-style:normal;font-weight:700\">\u00bfCuales son nuestros objetivos?<\/h2>\n<\/div>\n\n\n\n<div class=\"is-layout-flex wp-container-25 wp-block-columns alignwide\">\n<div class=\"is-layout-flow wp-block-column\">\n<figure data-tanit-img-width=\"286\" data-tanit-img-height=\"323\" class=\"wp-duotone-00a19a-00a19a-17 wp-block-image aligncenter size-full is-resized\"><img loading=\"lazy\" src=\"\/app\/uploads\/2023\/03\/eki_ico_switch.png\" alt=\"\" class=\"wp-image-351\" width=\"143\" height=\"162\" srcset=\"\/app\/uploads\/2023\/03\/eki_ico_switch.png 286w, \/app\/uploads\/2023\/03\/eki_ico_switch-266x300.png 266w\" sizes=\"(max-width: 143px) 100vw, 143px\" \/><\/figure>\n\n\n\n<p class=\"has-text-align-center\">Hacer de<br\/>Errenteria<br\/>un referente<br\/>en el desarrollo<br\/>de las energ\u00edas renovables<br\/>y reducir as\u00ed<br\/>su dependencia<br\/>de los recursos f\u00f3siles<\/p>\n<\/div>\n\n\n\n<div class=\"is-layout-flow wp-block-column\">\n<figure data-tanit-img-width=\"286\" data-tanit-img-height=\"323\" class=\"wp-duotone-00a19a-00a19a-19 wp-block-image aligncenter size-full is-resized\"><img loading=\"lazy\" src=\"\/app\/uploads\/2023\/03\/eki_ico_pig.png\" alt=\"\" class=\"wp-image-347\" width=\"143\" height=\"162\" srcset=\"\/app\/uploads\/2023\/03\/eki_ico_pig.png 286w, \/app\/uploads\/2023\/03\/eki_ico_pig-266x300.png 266w\" sizes=\"(max-width: 143px) 100vw, 143px\" \/><\/figure>\n\n\n\n<p class=\"has-text-align-center\">Reducir<br\/>nuestro consumo<br\/>energ\u00e9tico,<br\/>y nuestra<br\/>factura<br\/>energ\u00e9tica.<\/p>\n<\/div>\n\n\n\n<div class=\"is-layout-flow wp-block-column\">\n<figure data-tanit-img-width=\"286\" data-tanit-img-height=\"323\" class=\"wp-duotone-00a19a-00a19a-21 wp-block-image aligncenter size-full is-resized\"><img loading=\"lazy\" src=\"\/app\/uploads\/2023\/03\/eki_ico_leaf.png\" alt=\"\" class=\"wp-image-345\" width=\"143\" height=\"162\" srcset=\"\/app\/uploads\/2023\/03\/eki_ico_leaf.png 286w, \/app\/uploads\/2023\/03\/eki_ico_leaf-266x300.png 266w\" sizes=\"(max-width: 143px) 100vw, 143px\" \/><\/figure>\n\n\n\n<p class=\"has-text-align-center\">Apostar<br\/>por la soberan\u00eda<br\/>energ\u00e9tica,<br\/>tomando<br\/>nuestras decisiones.<\/p>\n<\/div>\n\n\n\n<div class=\"is-layout-flow wp-block-column\">\n<figure data-tanit-img-width=\"286\" data-tanit-img-height=\"323\" class=\"wp-duotone-00a19a-00a19a-23 wp-block-image aligncenter size-full is-resized\"><img loading=\"lazy\" src=\"\/app\/uploads\/2023\/03\/eki_ico_bike.png\" alt=\"\" class=\"wp-image-337\" width=\"143\" height=\"162\" srcset=\"\/app\/uploads\/2023\/03\/eki_ico_bike.png 286w, \/app\/uploads\/2023\/03\/eki_ico_bike-266x300.png 266w\" sizes=\"(max-width: 143px) 100vw, 143px\" \/><\/figure>\n\n\n\n<p class=\"has-text-align-center\">Proyectos<br\/>de movilidad<br\/>sostenible.<\/p>\n<\/div>\n<\/div>\n\n\n\n<div class=\"is-layout-flex wp-container-34 wp-block-columns alignwide\">\n<div class=\"is-layout-flow wp-block-column\">\n<figure data-tanit-img-width=\"286\" data-tanit-img-height=\"323\" class=\"wp-duotone-00a19a-00a19a-26 wp-block-image aligncenter size-full is-resized\"><img loading=\"lazy\" src=\"\/app\/uploads\/2023\/03\/eki_ico_earth.png\" alt=\"\" class=\"wp-image-339\" width=\"143\" height=\"162\" srcset=\"\/app\/uploads\/2023\/03\/eki_ico_earth.png 286w, \/app\/uploads\/2023\/03\/eki_ico_earth-266x300.png 266w\" sizes=\"(max-width: 143px) 100vw, 143px\" \/><\/figure>\n\n\n\n<p class=\"has-text-align-center\">Promover<br\/>una mayor cohesi\u00f3n social<br\/>y una transici\u00f3n energ\u00e9tica<br\/>justa.<\/p>\n<\/div>\n\n\n\n<div class=\"is-layout-flow wp-block-column\">\n<figure data-tanit-img-width=\"286\" data-tanit-img-height=\"323\" class=\"wp-duotone-00a19a-00a19a-28 wp-block-image aligncenter size-full is-resized\"><img loading=\"lazy\" src=\"\/app\/uploads\/2023\/03\/eki_ico_sun.png\" alt=\"\" class=\"wp-image-349\" width=\"143\" height=\"162\" srcset=\"\/app\/uploads\/2023\/03\/eki_ico_sun.png 286w, \/app\/uploads\/2023\/03\/eki_ico_sun-266x300.png 266w\" sizes=\"(max-width: 143px) 100vw, 143px\" \/><\/figure>\n\n\n\n<p class=\"has-text-align-center\">Ser agentes activos<br\/>en la lucha<br\/>contra el cambio<br\/>clim\u00e1tico.<\/p>\n<\/div>\n\n\n\n<div class=\"is-layout-flow wp-block-column\">\n<figure data-tanit-img-width=\"286\" data-tanit-img-height=\"323\" class=\"wp-duotone-00a19a-00a19a-30 wp-block-image aligncenter size-full is-resized\"><img loading=\"lazy\" src=\"\/app\/uploads\/2023\/03\/eki_ico_home.png\" alt=\"\" class=\"wp-image-343\" width=\"143\" height=\"162\" srcset=\"\/app\/uploads\/2023\/03\/eki_ico_home.png 286w, \/app\/uploads\/2023\/03\/eki_ico_home-266x300.png 266w\" sizes=\"(max-width: 143px) 100vw, 143px\" \/><\/figure>\n\n\n\n<p class=\"has-text-align-center\">Mejorar nuestra calidad<br\/>de vida.<\/p>\n<\/div>\n\n\n\n<div class=\"is-layout-flow wp-block-column\">\n<figure data-tanit-img-width=\"286\" data-tanit-img-height=\"323\" class=\"wp-duotone-00a19a-00a19a-32 wp-block-image aligncenter size-full is-resized\"><img loading=\"lazy\" src=\"\/app\/uploads\/2023\/03\/eki_ico_hand.png\" alt=\"\" class=\"wp-image-341\" width=\"143\" height=\"162\" srcset=\"\/app\/uploads\/2023\/03\/eki_ico_hand.png 286w, \/app\/uploads\/2023\/03\/eki_ico_hand-266x300.png 266w\" sizes=\"(max-width: 143px) 100vw, 143px\" \/><\/figure>\n\n\n\n<p class=\"has-text-align-center\">Promocionar<br\/>nuestra econom\u00eda,<br\/>con productos<br\/>locales<br\/>y km0.<\/p>\n<\/div>\n<\/div>\n<\/div>\n\n<div class=\"wp-duotone-00a19975-ffffff-37 wp-block-cover alignfull is-light\"><span aria-hidden=\"true\" class=\"wp-block-cover__background has-background-background-color has-background-dim-60 has-background-dim\"><\/span><img loading=\"lazy\" width=\"1920\" height=\"1080\" class=\"wp-block-cover__image-background wp-image-664\" alt=\"\" src=\"\/app\/uploads\/2024\/10\/Egiluze-goitik-1.jpg\" data-object-fit=\"cover\" srcset=\"\/app\/uploads\/2024\/10\/Egiluze-goitik-1.jpg 1920w, \/app\/uploads\/2024\/10\/Egiluze-goitik-1-300x169.jpg 300w, \/app\/uploads\/2024\/10\/Egiluze-goitik-1-1024x576.jpg 1024w, \/app\/uploads\/2024\/10\/Egiluze-goitik-1-768x432.jpg 768w, \/app\/uploads\/2024\/10\/Egiluze-goitik-1-1536x864.jpg 1536w, \/app\/uploads\/2024\/10\/Egiluze-goitik-1-1320x743.jpg 1320w\" sizes=\"(max-width: 1920px) 100vw, 1920px\" \/><div class=\"wp-block-cover__inner-container\">\n<h2 class=\"has-text-align-center has-primary-color has-text-color has-x-large-font-size\" style=\"font-style:normal;font-weight:700\">\u00bfQui\u00e9res ser consumidora <br\/>de la instalaci\u00f3n de Egiluze?<\/h2>\n\n\n\n<div class=\"is-layout-flex wp-block-buttons\">\n<div class=\"wp-block-button aligncenter\"><a class=\"wp-block-button__link wp-element-button\" href=\"https:\/\/ekiherri.eus\/es\/consumidor-consumidora-de-la-instalacion-de-egiluze\/\" style=\"border-radius:50px\">Participar<\/a><\/div>\n<\/div>\n<\/div><\/div>\n\n<div class=\"is-layout-flow wp-block-group alignfull has-quicksand-font-family\" style=\"margin-top:var(--wp--preset--spacing--80);margin-bottom:var(--wp--preset--spacing--80)\">\n<div class=\"is-layout-constrained wp-block-group alignwide\">\n<div class=\"is-layout-flex wp-container-40 wp-block-columns alignwide are-vertically-aligned-center\">\n<div class=\"is-layout-flow wp-block-column is-vertically-aligned-center\">\n<div class=\"peertube-video alignfull\" style=\"padding-bottom: 56%;\"><iframe loading=\"lazy\" title=\"Zer da EKIHERRI Energia Komunitatea?\" src=\"https:\/\/peertube.eus\/videos\/embed\/d1c5e8c6-1bc8-4735-8d2b-47429b8996fd\" allowfullscreen=\"\" sandbox=\"allow-same-origin allow-scripts allow-popups\" width=\"560\" height=\"315\" frameborder=\"0\"><\/iframe><\/div><style>.peertube-video {\nposition: relative;\nheight: 0;\noverflow: hidden;\n}\n.peertube-video iframe {\nposition: absolute;\ntop:0;\nleft: 0;\nwidth: 100%;\nheight: 100%;\n}\n<\/style>\n<\/div>\n\n\n\n<div class=\"is-layout-flow wp-block-column is-vertically-aligned-center\">\n<p class=\"has-primary-color has-text-color has-quicksand-font-family has-small-font-size has-object-sans-font-family\" style=\"font-style:normal;font-weight:500\">\u00bfQuieres formar parte de la comunidad?<\/p>\n\n\n\n<h2 class=\"has-primary-color has-text-color has-quicksand-font-family has-object-sans-font-family\" style=\"font-style:normal;font-weight:700\">\u00bfQu\u00e9 es la Comunidad Energ\u00e9tica de Errenteria?<\/h2>\n\n\n\n<p class=\"has-primary-color has-text-color has-quicksand-font-family has-large-font-size has-object-sans-font-family\" style=\"font-style:normal;font-weight:500;line-height:1.2\">Se trata de una organizaci\u00f3n, organismo o herramienta, creada por ciudadanos que quieren transformar el modelo energ\u00e9tico actual, con capacidad de desarrollar proyectos de Energ\u00edas Renovables, en el \u00e1mbito local, mediante la participaci\u00f3n ciudadana.<\/p>\n<\/div>\n<\/div>\n<\/div>\n<\/div>\n\n<div class=\"is-layout-constrained wp-block-group alignfull\" style=\"margin-top:var(--wp--preset--spacing--80)\">\n<div class=\"is-layout-flex wp-container-47 wp-block-columns alignwide are-vertically-aligned-center\">\n<div class=\"is-layout-flow wp-block-column is-vertically-aligned-center\">\n<p class=\"has-primary-color has-text-color has-quicksand-font-family has-small-font-size has-object-sans-font-family\" style=\"margin-top:0\">Necesitamos tu colaboraci\u00f3n<\/p>\n\n\n\n<h2 class=\"has-text-align-left has-primary-color has-text-color has-quicksand-font-family has-object-sans-font-family\" style=\"font-style:normal;font-weight:700\">\u00bfC\u00f3mo lo vamos a hacer?<\/h2>\n\n\n\n<p class=\"has-primary-color has-text-color has-quicksand-font-family has-large-font-size has-object-sans-font-family\" style=\"font-style:normal;font-weight:500;line-height:1.2\">A trav\u00e9s de un proceso abierto a toda la ciudadan\u00eda, en el que nosotros mismos decidiremos c\u00f3mo queremos formar una Comunidad Energ\u00e9tica y qu\u00e9 proyectos vamos a desarrollar. El grupo promotor ya ha decidido que la comunidad energ\u00e9tica ser\u00e1 una cooperativa sin \u00e1nimo de lucro. <\/p>\n\n\n\n<p class=\"has-primary-color has-text-color has-quicksand-font-family has-large-font-size has-object-sans-font-family\" style=\"font-style:normal;font-weight:500;line-height:1.2\">Necesitamos tu participaci\u00f3n y llegar a m\u00e1s personas que como t\u00fa quieran participar en este proyecto. Bienvenidos.<\/p>\n<\/div>\n\n\n\n<div class=\"is-layout-flow wp-block-column is-vertically-aligned-center\"><div id=\"tanit-slider-gallery-0\" class=\"splide \"><div class=\"splide__track\"><div class=\"splide__list is-style-lightbox tanit-gallery-columns-1\"><div class=\"splide__slide\">\n<figure data-tanit-img-width=\"2560\" data-tanit-img-height=\"1440\" class=\"wp-block-image size-large\"><img loading=\"lazy\" width=\"1024\" height=\"576\" data-id=\"371\"  src=\"\/app\/uploads\/2023\/03\/Guk-argi-dugu2.pg_-1024x576.jpg\" alt=\"\" class=\"wp-image-371\" srcset=\"\/app\/uploads\/2023\/03\/Guk-argi-dugu2.pg_-1024x576.jpg 1024w, \/app\/uploads\/2023\/03\/Guk-argi-dugu2.pg_-300x169.jpg 300w, \/app\/uploads\/2023\/03\/Guk-argi-dugu2.pg_-768x432.jpg 768w, \/app\/uploads\/2023\/03\/Guk-argi-dugu2.pg_-1536x864.jpg 1536w, \/app\/uploads\/2023\/03\/Guk-argi-dugu2.pg_-2048x1152.jpg 2048w, \/app\/uploads\/2023\/03\/Guk-argi-dugu2.pg_-1320x743.jpg 1320w\" sizes=\"(max-width: 1024px) 100vw, 1024px\" \/><\/figure>\n<\/div><div class=\"splide__slide\">\n<figure data-tanit-img-width=\"2560\" data-tanit-img-height=\"1440\" class=\"wp-block-image size-large\"><img loading=\"lazy\" width=\"1024\" height=\"576\" data-id=\"369\"  src=\"\/app\/uploads\/2023\/03\/Guk-argi-dugu1-1024x576.jpg\" alt=\"\" class=\"wp-image-369\" srcset=\"\/app\/uploads\/2023\/03\/Guk-argi-dugu1-1024x576.jpg 1024w, \/app\/uploads\/2023\/03\/Guk-argi-dugu1-300x169.jpg 300w, \/app\/uploads\/2023\/03\/Guk-argi-dugu1-768x432.jpg 768w, \/app\/uploads\/2023\/03\/Guk-argi-dugu1-1536x864.jpg 1536w, \/app\/uploads\/2023\/03\/Guk-argi-dugu1-2048x1152.jpg 2048w, \/app\/uploads\/2023\/03\/Guk-argi-dugu1-1320x743.jpg 1320w\" sizes=\"(max-width: 1024px) 100vw, 1024px\" \/><\/figure>\n<\/div><div class=\"splide__slide\">\n<figure data-tanit-img-width=\"2560\" data-tanit-img-height=\"1440\" class=\"wp-block-image size-large\"><img loading=\"lazy\" width=\"1024\" height=\"576\" data-id=\"377\"  src=\"\/app\/uploads\/2023\/03\/Guk-argi-dugu5-1024x576.jpg\" alt=\"\" class=\"wp-image-377\" srcset=\"\/app\/uploads\/2023\/03\/Guk-argi-dugu5-1024x576.jpg 1024w, \/app\/uploads\/2023\/03\/Guk-argi-dugu5-300x169.jpg 300w, \/app\/uploads\/2023\/03\/Guk-argi-dugu5-768x432.jpg 768w, \/app\/uploads\/2023\/03\/Guk-argi-dugu5-1536x864.jpg 1536w, \/app\/uploads\/2023\/03\/Guk-argi-dugu5-2048x1152.jpg 2048w, \/app\/uploads\/2023\/03\/Guk-argi-dugu5-1320x743.jpg 1320w\" sizes=\"(max-width: 1024px) 100vw, 1024px\" \/><\/figure>\n<\/div><\/div><\/div><\/div><script>new Splide(\"#tanit-slider-gallery-0\", {type: \"loop\", perPage: 1}).mount()<\/script><\/div>\n<\/div>\n<\/div>\n","protected":false},"excerpt":{"rendered":"<p>\u00bfVives en Errenteria? ComunidadEnerg\u00e9ticade Errenteria Cooperativa sin \u00e1nimo de lucro formada por vecinas y vecinos, abierta a toda la ciudadan\u00eda \u00daltimas noticias \u00bfTe sumas? \u00bfCuales son nuestros objetivos? Hacer deErrenteriaun referenteen el desarrollode las energ\u00edas renovablesy reducir as\u00edsu dependenciade los recursos f\u00f3siles Reducirnuestro consumoenerg\u00e9tico,y nuestrafacturaenerg\u00e9tica. Apostarpor la soberan\u00edaenerg\u00e9tica,tomandonuestras decisiones. Proyectosde movilidadsostenible. Promoveruna mayor cohesi\u00f3n socialy [&hellip;]<\/p>\n","protected":false},"author":1,"featured_media":0,"parent":0,"menu_order":0,"comment_status":"closed","ping_status":"closed","template":"","meta":{"tanit_custom_css":""},"_links":{"self":[{"href":"https:\/\/ekiherri.eus\/es\/wp-json\/wp\/v2\/pages\/205"}],"collection":[{"href":"https:\/\/ekiherri.eus\/es\/wp-json\/wp\/v2\/pages"}],"about":[{"href":"https:\/\/ekiherri.eus\/es\/wp-json\/wp\/v2\/types\/page"}],"author":[{"embeddable":true,"href":"https:\/\/ekiherri.eus\/es\/wp-json\/wp\/v2\/users\/1"}],"replies":[{"embeddable":true,"href":"https:\/\/ekiherri.eus\/es\/wp-json\/wp\/v2\/comments?post=205"}],"version-history":[{"count":36,"href":"https:\/\/ekiherri.eus\/es\/wp-json\/wp\/v2\/pages\/205\/revisions"}],"predecessor-version":[{"id":746,"href":"https:\/\/ekiherri.eus\/es\/wp-json\/wp\/v2\/pages\/205\/revisions\/746"}],"wp:attachment":[{"href":"https:\/\/ekiherri.eus\/es\/wp-json\/wp\/v2\/media?parent=205"}],"curies":[{"name":"wp","href":"https:\/\/api.w.org\/{rel}","templated":true}]}}